{"id":5,"date":"2011-10-26T11:25:50","date_gmt":"2011-10-26T11:25:50","guid":{"rendered":"http:\/\/www.michaelkochs.de\/wordpress\/?page_id=2"},"modified":"2020-08-07T16:47:08","modified_gmt":"2020-08-07T15:47:08","slug":"beispiel-seite","status":"publish","type":"page","link":"https:\/\/michaelkochs.de\/wordpress\/","title":{"rendered":"home"},"content":{"rendered":"<div id=\"home-custom-background\"><\/div>\n<div class=\"klar\"><\/div>\n<h2 id=\"startseite-zitat\">\u201eVollkommenheit entsteht offensichtlich nicht dann, wenn man nichts mehr hinzuzuf\u00fcgen hat,<br \/>\nsondern wenn man nichts mehr wegnehmen kann.\u201c<br \/>\n<span id=\"zitat-quelle\">Antoine de Saint-Exup\u00e9ry, Schriftsteller, aus \u201eTerre des Hommes\u201c, 1939<\/span><\/h2>\n<div class=\"icon-container\">\n<div class=\"icon-row\">\n<div class=\"icon-box\">\n\t\t\t<a href=\"\/wordpress\/portfolio\/printdesign\/\"><\/p>\n<div id=\"icon-print\" class=\"icons-hp\">\n\t\t\t\t\t<img decoding=\"async\" src=\"\/wordpress\/wp-content\/uploads\/2020\/08\/michaelkochs-icon-print.svg\" alt=\"Printdesign-Icon\" class=\"inline-photo show-on-scroll\"><\/div>\n<p>Print\u00addesign<\/p>\n<p><\/a><a href=\"\/wordpress\/portfolio\/printdesign\/\">\t\t\t<\/a><\/p>\n<\/div>\n<div class=\"icon-box\">\n\t\t\t<a href=\"\/wordpress\/portfolio\/corporate-design\/\"><\/p>\n<div id=\"icon-cd\" class=\"icons-hp\">\n\t\t\t\t\t<img decoding=\"async\" src=\"\/wordpress\/wp-content\/uploads\/2020\/08\/michaelkochs-icon-cd.svg\" alt=\"Corporate Design-Icon\" class=\"inline-photo show-on-scroll\"><\/div>\n<p>Corporate\u00ad Design<\/p>\n<p><\/a><a href=\"\/wordpress\/portfolio\/corporate-design\/\">\t\t\t<\/a><\/p>\n<\/div>\n<div class=\"icon-box\">\n\t\t\t<a href=\"\/wordpress\/portfolio\/webdesign\/\"><\/p>\n<div id=\"icon-web\" class=\"icons-hp\">\n\t\t\t\t\t<img decoding=\"async\" src=\"\/wordpress\/wp-content\/uploads\/2020\/08\/michaelkochs-icon-web.svg\" alt=\"Webdesign-Icon\" class=\"inline-photo show-on-scroll\"><\/div>\n<p>Web\u00addesign<\/p>\n<p><\/a><a href=\"\/wordpress\/portfolio\/webdesign\/\">\t\t\t<\/a><\/p>\n<\/div>\n<\/div>\n<div class=\"icon-row\">\n<div class=\"icon-box\">\n\t\t\t<a href=\"\/wordpress\/portfolio\/bildbearbeitung\/\"><\/p>\n<div id=\"icon-bild\" class=\"icons-hp\">\n\t\t\t\t\t<img decoding=\"async\" src=\"\/wordpress\/wp-content\/uploads\/2020\/08\/michaelkochs-icon-bild.svg\" alt=\"Bildbearbeitungsicon\" class=\"inline-photo show-on-scroll\"><\/div>\n<p>Bildbe\u00adarbeitung<\/p>\n<p><\/a><a href=\"\/wordpress\/portfolio\/bildbearbeitung\/\">\t\t\t<\/a><\/p>\n<\/div>\n<div class=\"icon-box\">\n\t\t\t<a href=\"\/wordpress\/portfolio\/illustrationen\/\"><\/p>\n<div id=\"icon-illu\" class=\"icons-hp\">\n\t\t\t\t\t<img decoding=\"async\" src=\"\/wordpress\/wp-content\/uploads\/2020\/08\/michaelkochs-icon-illu.svg\" alt=\"Illustrationen-Icon\" class=\"inline-photo show-on-scroll\"><\/div>\n<p>Illus\u00adtra\u00adtionen<\/p>\n<p><\/a><a href=\"\/wordpress\/portfolio\/illustrationen\/\">\t\t\t<\/a><\/p>\n<\/div>\n<div class=\"icon-box\">\n\t\t\t<a href=\"\/wordpress\/portfolio\/fotografie\/\"><\/p>\n<div id=\"icon-foto\" class=\"icons-hp\">\n\t\t\t\t\t<img decoding=\"async\" src=\"\/wordpress\/wp-content\/uploads\/2020\/08\/michaelkochs-icon-foto.svg\" alt=\"Fotografie-Icon\" class=\"inline-photo show-on-scroll\"><\/div>\n<p>Fotografie<\/p>\n<p><\/a><a href=\"\/wordpress\/portfolio\/fotografie\/\">\t\t\t<\/a><\/p>\n<\/div>\n<\/div>\n<\/div>\n<div class=\"klar\"><\/div>\n<div id=\"home-txt\">\n<h3 id=\"schall-und-rauch\">Alles andere als Schall und Rauch: Design l\u00e4sst den Funken \u00fcberspringen.<\/h3>\n<p>Ich brenne darauf, neue Projekte in Angriff zu nehmen und spannende Ideen zu verwirklichen. Meine M\u00f6glichkeiten lassen sich aber keinesfalls an f\u00fcnf Fingern abz\u00e4hlen. Mein Portfolio erstreckt sich \u00fcber innovatives Printdesign und Corporate Design bis hin zu k\u00fcnstlerischen Illustrationen und Zeichnungen. Und das gibt es auf dieser Webseite auch zu sehen: eine bunte Mischung aus allem, Brosch\u00fcren, Logos, Bildbearbeitungen und Fotografie.<\/p>\n<\/div>\n","protected":false},"excerpt":{"rendered":"<p>\u201eVollkommenheit entsteht offensichtlich nicht dann, wenn man nichts mehr hinzuzuf\u00fcgen hat, sondern wenn man nichts mehr wegnehmen kann.\u201c Antoine de Saint-Exup\u00e9ry, Schriftsteller, aus \u201eTerre des Hommes\u201c, 1939 Print\u00addesign Corporate\u00ad Design Web\u00addesign Bildbe\u00adarbeitung Illus\u00adtra\u00adtionen Fotografie Alles andere als Schall und Rauch: Design l\u00e4sst den Funken \u00fcberspringen. Ich brenne darauf, neue Projekte in Angriff zu nehmen und [&hellip;]<\/p>\n","protected":false},"author":1,"featured_media":0,"parent":0,"menu_order":0,"comment_status":"closed","ping_status":"open","template":"templates\/template-cover.php","meta":{"footnotes":""},"_links":{"self":[{"href":"https:\/\/michaelkochs.de\/wordpress\/wp-json\/wp\/v2\/pages\/5"}],"collection":[{"href":"https:\/\/michaelkochs.de\/wordpress\/wp-json\/wp\/v2\/pages"}],"about":[{"href":"https:\/\/michaelkochs.de\/wordpress\/wp-json\/wp\/v2\/types\/page"}],"author":[{"embeddable":true,"href":"https:\/\/michaelkochs.de\/wordpress\/wp-json\/wp\/v2\/users\/1"}],"replies":[{"embeddable":true,"href":"https:\/\/michaelkochs.de\/wordpress\/wp-json\/wp\/v2\/comments?post=5"}],"version-history":[{"count":75,"href":"https:\/\/michaelkochs.de\/wordpress\/wp-json\/wp\/v2\/pages\/5\/revisions"}],"predecessor-version":[{"id":2747,"href":"https:\/\/michaelkochs.de\/wordpress\/wp-json\/wp\/v2\/pages\/5\/revisions\/2747"}],"wp:attachment":[{"href":"https:\/\/michaelkochs.de\/wordpress\/wp-json\/wp\/v2\/media?parent=5"}],"curies":[{"name":"wp","href":"https:\/\/api.w.org\/{rel}","templated":true}]}}