{"id":449,"date":"2011-11-05T13:04:36","date_gmt":"2011-11-05T12:04:36","guid":{"rendered":"http:\/\/www.michaelkochs.de\/wordpress\/?page_id=449"},"modified":"2020-08-18T17:57:35","modified_gmt":"2020-08-18T15:57:35","slug":"ueber-mich","status":"publish","type":"page","link":"https:\/\/michaelkochs.de\/wordpress\/ueber-mich\/","title":{"rendered":"\u00fcber mich"},"content":{"rendered":"<p><img decoding=\"async\" class=\"aligncenter wp-image-923\" id=\"foto-mik\" src=\"http:\/\/www.michaelkochs.de\/wordpress\/wp-content\/uploads\/2016\/01\/michael-kochs-2.jpg\" alt=\"michael-kochs-2\" width=\"100%\" style=\"max-width:1024px;\" height=\"768\" \/><br \/>\nJeder Mensch hat etwas, f\u00fcr das er brennt. F\u00fcr manche bleibt es ein Funke, f\u00fcr mich war Design und Illustration das Lauffeuer meines Lebens. Meine Leidenschaft entfachte die Zeichnerei, f\u00fchrte weiter zum Studium an der design akademie berlin und 2001 zum Diplom zum Kommunikationsdesigner. Der Bereich meiner Begeisterung l\u00e4sst sich nur schwer eingrenzen. Fotografie und Bildbearbeitung geh\u00f6ren dazu, mittlerweile auch vermehrt Webdesign (HTML und CSS). Meinen beruflichen Schwerpunkt setzte ich bisher in Print und Corporate Design. Als Allrounder habe ich aber auch Aufgaben wie Veranstaltungsplanung und Datenbankorganisation \u00fcbernommen. In der Arbeit in kleinen Teams habe ich so selbstverst\u00e4ndlich und selbstst\u00e4ndig Verantwortung \u00fcbernommen. Man kann alles mit mir machen, nur nicht in eine Schublade stecken.<\/p>\n","protected":false},"excerpt":{"rendered":"<p>Jeder Mensch hat etwas, f\u00fcr das er brennt. F\u00fcr manche bleibt es ein Funke, f\u00fcr mich war Design und Illustration das Lauffeuer meines Lebens. Meine Leidenschaft entfachte die Zeichnerei, f\u00fchrte weiter zum Studium an der design akademie berlin und 2001 zum Diplom zum Kommunikationsdesigner. Der Bereich meiner Begeisterung l\u00e4sst sich nur schwer eingrenzen. Fotografie und [&hellip;]<\/p>\n","protected":false},"author":1,"featured_media":0,"parent":0,"menu_order":2,"comment_status":"closed","ping_status":"closed","template":"","meta":{"footnotes":""},"_links":{"self":[{"href":"https:\/\/michaelkochs.de\/wordpress\/wp-json\/wp\/v2\/pages\/449"}],"collection":[{"href":"https:\/\/michaelkochs.de\/wordpress\/wp-json\/wp\/v2\/pages"}],"about":[{"href":"https:\/\/michaelkochs.de\/wordpress\/wp-json\/wp\/v2\/types\/page"}],"author":[{"embeddable":true,"href":"https:\/\/michaelkochs.de\/wordpress\/wp-json\/wp\/v2\/users\/1"}],"replies":[{"embeddable":true,"href":"https:\/\/michaelkochs.de\/wordpress\/wp-json\/wp\/v2\/comments?post=449"}],"version-history":[{"count":11,"href":"https:\/\/michaelkochs.de\/wordpress\/wp-json\/wp\/v2\/pages\/449\/revisions"}],"predecessor-version":[{"id":2988,"href":"https:\/\/michaelkochs.de\/wordpress\/wp-json\/wp\/v2\/pages\/449\/revisions\/2988"}],"wp:attachment":[{"href":"https:\/\/michaelkochs.de\/wordpress\/wp-json\/wp\/v2\/media?parent=449"}],"curies":[{"name":"wp","href":"https:\/\/api.w.org\/{rel}","templated":true}]}}