{"id":2502,"date":"2020-07-30T18:39:21","date_gmt":"2020-07-30T17:39:21","guid":{"rendered":"http:\/\/michaelkochs.de\/wordpress\/?page_id=2502"},"modified":"2020-09-11T21:58:40","modified_gmt":"2020-09-11T19:58:40","slug":"printdesign","status":"publish","type":"page","link":"https:\/\/michaelkochs.de\/wordpress\/portfolio\/printdesign\/","title":{"rendered":"Printdesign"},"content":{"rendered":"\n<div class=\"wp-block-image\"><figure class=\"aligncenter size-large\"><a href=\"https:\/\/michaelkochs.de\/wordpress\/wp-content\/uploads\/2020\/08\/michaelkochs-print-design-iden-aktuell.jpg\" rel=\"lightbox[2502]\"><img loading=\"lazy\" decoding=\"async\" width=\"1024\" height=\"593\" src=\"https:\/\/michaelkochs.de\/wordpress\/wp-content\/uploads\/2020\/08\/michaelkochs-print-design-iden-aktuell-1024x593.jpg\" alt=\"\" class=\"wp-image-2755\" srcset=\"https:\/\/michaelkochs.de\/wordpress\/wp-content\/uploads\/2020\/08\/michaelkochs-print-design-iden-aktuell-1024x593.jpg 1024w, https:\/\/michaelkochs.de\/wordpress\/wp-content\/uploads\/2020\/08\/michaelkochs-print-design-iden-aktuell-300x174.jpg 300w, https:\/\/michaelkochs.de\/wordpress\/wp-content\/uploads\/2020\/08\/michaelkochs-print-design-iden-aktuell-768x445.jpg 768w, https:\/\/michaelkochs.de\/wordpress\/wp-content\/uploads\/2020\/08\/michaelkochs-print-design-iden-aktuell.jpg 1200w\" sizes=\"(max-width: 1024px) 100vw, 1024px\" \/><\/a><figcaption>monatliche Printwerbung Iden Aktuell<br><span class=\"pic-txt-sub\">in Zusammenarbeit mit der Iden System Gro\u00dfhandels GmbH und satzpunkt<\/span><\/figcaption><\/figure><\/div>\n\n\n\n<hr class=\"wp-block-separator has-text-color has-background has-subtle-background-background-color has-subtle-background-color\"\/>\n\n\n\n<div style=\"height:100px\" aria-hidden=\"true\" class=\"wp-block-spacer\"><\/div>\n\n\n\n<figure class=\"wp-block-image alignwide size-large\"><img loading=\"lazy\" decoding=\"async\" width=\"1024\" height=\"408\" src=\"https:\/\/michaelkochs.de\/wordpress\/wp-content\/uploads\/2020\/09\/michaelkochs-printdesign-iden-xxl-banner-3-1024x408.jpg\" alt=\"\" class=\"wp-image-3317\" srcset=\"https:\/\/michaelkochs.de\/wordpress\/wp-content\/uploads\/2020\/09\/michaelkochs-printdesign-iden-xxl-banner-3-1024x408.jpg 1024w, https:\/\/michaelkochs.de\/wordpress\/wp-content\/uploads\/2020\/09\/michaelkochs-printdesign-iden-xxl-banner-3-300x120.jpg 300w, https:\/\/michaelkochs.de\/wordpress\/wp-content\/uploads\/2020\/09\/michaelkochs-printdesign-iden-xxl-banner-3-768x306.jpg 768w, https:\/\/michaelkochs.de\/wordpress\/wp-content\/uploads\/2020\/09\/michaelkochs-printdesign-iden-xxl-banner-3-1536x612.jpg 1536w, https:\/\/michaelkochs.de\/wordpress\/wp-content\/uploads\/2020\/09\/michaelkochs-printdesign-iden-xxl-banner-3-1200x478.jpg 1200w, https:\/\/michaelkochs.de\/wordpress\/wp-content\/uploads\/2020\/09\/michaelkochs-printdesign-iden-xxl-banner-3.jpg 1980w\" sizes=\"(max-width: 1024px) 100vw, 1024px\" \/><figcaption>XXL-Banner f\u00fcr Idena Notizb\u00fccher und Leuchtgloben<br><span class=\"pic-txt-sub\">in Zusammenarbeit mit der Iden System Gro\u00dfhandels GmbH<\/span><\/figcaption><\/figure>\n\n\n\n<hr class=\"wp-block-separator has-text-color has-background has-subtle-background-background-color has-subtle-background-color\"\/>\n\n\n\n<div style=\"height:100px\" aria-hidden=\"true\" class=\"wp-block-spacer\"><\/div>\n\n\n\n<div class=\"wp-block-image\"><figure class=\"aligncenter size-large\"><a href=\"https:\/\/michaelkochs.de\/wordpress\/wp-content\/uploads\/2020\/07\/michaelkochs-printdesign-1-hansschaefer-fnf-1.jpg\" rel=\"lightbox[2502]\"><img loading=\"lazy\" decoding=\"async\" width=\"1024\" height=\"364\" src=\"https:\/\/michaelkochs.de\/wordpress\/wp-content\/uploads\/2020\/07\/michaelkochs-printdesign-1-hansschaefer-fnf-1-1024x364.jpg\" alt=\"\" class=\"wp-image-2547\" srcset=\"https:\/\/michaelkochs.de\/wordpress\/wp-content\/uploads\/2020\/07\/michaelkochs-printdesign-1-hansschaefer-fnf-1-1024x364.jpg 1024w, https:\/\/michaelkochs.de\/wordpress\/wp-content\/uploads\/2020\/07\/michaelkochs-printdesign-1-hansschaefer-fnf-1-300x107.jpg 300w, https:\/\/michaelkochs.de\/wordpress\/wp-content\/uploads\/2020\/07\/michaelkochs-printdesign-1-hansschaefer-fnf-1-768x273.jpg 768w, https:\/\/michaelkochs.de\/wordpress\/wp-content\/uploads\/2020\/07\/michaelkochs-printdesign-1-hansschaefer-fnf-1.jpg 1200w\" sizes=\"(max-width: 1024px) 100vw, 1024px\" \/><\/a><figcaption>Family &amp; Friends-Kampagne f\u00fcr Hans Sch\u00e4fer Mode<br><span class=\"pic-txt-sub\">in Zusammenarbeit mit de Jourdan Photographics GmbH<\/span><\/figcaption><\/figure><\/div>\n\n\n\n<hr class=\"wp-block-separator has-text-color has-background has-subtle-background-background-color has-subtle-background-color\"\/>\n\n\n\n<div style=\"height:100px\" aria-hidden=\"true\" class=\"wp-block-spacer\"><\/div>\n\n\n\n<div class=\"wp-block-image\"><figure class=\"aligncenter size-large\"><a href=\"https:\/\/michaelkochs.de\/wordpress\/wp-content\/uploads\/2020\/07\/michaelkochs-printdesign-2-hansschaefer-summer-sale.jpg\" rel=\"lightbox[2502]\"><img loading=\"lazy\" decoding=\"async\" width=\"1024\" height=\"454\" src=\"https:\/\/michaelkochs.de\/wordpress\/wp-content\/uploads\/2020\/07\/michaelkochs-printdesign-2-hansschaefer-summer-sale-1024x454.jpg\" alt=\"\" class=\"wp-image-2548\" srcset=\"https:\/\/michaelkochs.de\/wordpress\/wp-content\/uploads\/2020\/07\/michaelkochs-printdesign-2-hansschaefer-summer-sale-1024x454.jpg 1024w, https:\/\/michaelkochs.de\/wordpress\/wp-content\/uploads\/2020\/07\/michaelkochs-printdesign-2-hansschaefer-summer-sale-300x133.jpg 300w, https:\/\/michaelkochs.de\/wordpress\/wp-content\/uploads\/2020\/07\/michaelkochs-printdesign-2-hansschaefer-summer-sale-768x340.jpg 768w, https:\/\/michaelkochs.de\/wordpress\/wp-content\/uploads\/2020\/07\/michaelkochs-printdesign-2-hansschaefer-summer-sale.jpg 1200w\" sizes=\"(max-width: 1024px) 100vw, 1024px\" \/><\/a><figcaption>Summer Sale-Kampagne f\u00fcr HS Partnershops<br><span class=\"pic-txt-sub\">in Zusammenarbeit mit de Jourdan Photographics GmbH<\/span><\/figcaption><\/figure><\/div>\n\n\n\n<hr class=\"wp-block-separator has-text-color has-background has-subtle-background-background-color has-subtle-background-color\"\/>\n\n\n\n<div style=\"height:100px\" aria-hidden=\"true\" class=\"wp-block-spacer\"><\/div>\n\n\n\n<div class=\"wp-block-image is-style-default show-on-scroll inline-photo photo-straight\"><figure class=\"aligncenter size-large\"><img loading=\"lazy\" decoding=\"async\" width=\"1024\" height=\"497\" src=\"https:\/\/michaelkochs.de\/wordpress\/wp-content\/uploads\/2020\/07\/michaelkochs-printdesign-3-dr-druecke-1024x497.jpg\" alt=\"\" class=\"wp-image-2514\" title=\"\" srcset=\"https:\/\/michaelkochs.de\/wordpress\/wp-content\/uploads\/2020\/07\/michaelkochs-printdesign-3-dr-druecke-1024x497.jpg 1024w, https:\/\/michaelkochs.de\/wordpress\/wp-content\/uploads\/2020\/07\/michaelkochs-printdesign-3-dr-druecke-300x146.jpg 300w, https:\/\/michaelkochs.de\/wordpress\/wp-content\/uploads\/2020\/07\/michaelkochs-printdesign-3-dr-druecke-768x372.jpg 768w, https:\/\/michaelkochs.de\/wordpress\/wp-content\/uploads\/2020\/07\/michaelkochs-printdesign-3-dr-druecke.jpg 1200w\" sizes=\"(max-width: 1024px) 100vw, 1024px\" \/><figcaption><br>Print-Anzeige f\u00fcr die L\u00fcbecker Praxis Adolfstra\u00dfe<br><span class=\"pic-txt-sub\">in Zusammenarbeit mit de Jourdan Photographics GmbH<\/span><\/figcaption><\/figure><\/div>\n\n\n\n<hr class=\"wp-block-separator has-text-color has-background has-subtle-background-background-color has-subtle-background-color\"\/>\n\n\n\n<div style=\"height:100px\" aria-hidden=\"true\" class=\"wp-block-spacer\"><\/div>\n\n\n\n<div class=\"wp-block-image\"><figure class=\"aligncenter size-large\"><a href=\"https:\/\/michaelkochs.de\/wordpress\/wp-content\/uploads\/2020\/09\/michaelkochs-printdesign-4-junginger.jpg\" rel=\"lightbox[2502]\"><img loading=\"lazy\" decoding=\"async\" width=\"1024\" height=\"593\" src=\"https:\/\/michaelkochs.de\/wordpress\/wp-content\/uploads\/2020\/09\/michaelkochs-printdesign-4-junginger-1024x593.jpg\" alt=\"\" class=\"wp-image-3321\" srcset=\"https:\/\/michaelkochs.de\/wordpress\/wp-content\/uploads\/2020\/09\/michaelkochs-printdesign-4-junginger-1024x593.jpg 1024w, https:\/\/michaelkochs.de\/wordpress\/wp-content\/uploads\/2020\/09\/michaelkochs-printdesign-4-junginger-300x174.jpg 300w, https:\/\/michaelkochs.de\/wordpress\/wp-content\/uploads\/2020\/09\/michaelkochs-printdesign-4-junginger-768x445.jpg 768w, https:\/\/michaelkochs.de\/wordpress\/wp-content\/uploads\/2020\/09\/michaelkochs-printdesign-4-junginger-1536x889.jpg 1536w, https:\/\/michaelkochs.de\/wordpress\/wp-content\/uploads\/2020\/09\/michaelkochs-printdesign-4-junginger-1200x695.jpg 1200w, https:\/\/michaelkochs.de\/wordpress\/wp-content\/uploads\/2020\/09\/michaelkochs-printdesign-4-junginger.jpg 1980w\" sizes=\"(max-width: 1024px) 100vw, 1024px\" \/><\/a><figcaption>Businessbrosch\u00fcre f\u00fcr Junginger Lean Engineering<\/figcaption><\/figure><\/div>\n\n\n\n<hr class=\"wp-block-separator has-text-color has-background has-subtle-background-background-color has-subtle-background-color\"\/>\n\n\n\n<div style=\"height:100px\" aria-hidden=\"true\" class=\"wp-block-spacer\"><\/div>\n\n\n\n<div class=\"wp-block-image\"><figure class=\"aligncenter size-large\"><a href=\"https:\/\/michaelkochs.de\/wordpress\/wp-content\/uploads\/2020\/07\/michaelkochs-printdesign-5-mweb-flyer.jpg\" rel=\"lightbox[2502]\"><img loading=\"lazy\" decoding=\"async\" width=\"1024\" height=\"321\" src=\"https:\/\/michaelkochs.de\/wordpress\/wp-content\/uploads\/2020\/07\/michaelkochs-printdesign-5-mweb-flyer-1024x321.jpg\" alt=\"\" class=\"wp-image-2516\" srcset=\"https:\/\/michaelkochs.de\/wordpress\/wp-content\/uploads\/2020\/07\/michaelkochs-printdesign-5-mweb-flyer-1024x321.jpg 1024w, https:\/\/michaelkochs.de\/wordpress\/wp-content\/uploads\/2020\/07\/michaelkochs-printdesign-5-mweb-flyer-300x94.jpg 300w, https:\/\/michaelkochs.de\/wordpress\/wp-content\/uploads\/2020\/07\/michaelkochs-printdesign-5-mweb-flyer-768x241.jpg 768w, https:\/\/michaelkochs.de\/wordpress\/wp-content\/uploads\/2020\/07\/michaelkochs-printdesign-5-mweb-flyer.jpg 1200w\" sizes=\"(max-width: 1024px) 100vw, 1024px\" \/><\/a><figcaption>Flyer-Titelbilder f\u00fcr die Agentur de Jourdan<br><span class=\"pic-txt-sub\">in Zusammenarbeit mit de Jourdan Photographics GmbH<\/span><\/figcaption><\/figure><\/div>\n\n\n\n<hr class=\"wp-block-separator has-text-color has-background has-subtle-background-background-color has-subtle-background-color\"\/>\n\n\n\n<div style=\"height:100px\" aria-hidden=\"true\" class=\"wp-block-spacer\"><\/div>\n\n\n\n<div class=\"wp-block-image\"><figure class=\"aligncenter size-large\"><a href=\"https:\/\/michaelkochs.de\/wordpress\/wp-content\/uploads\/2020\/07\/michaelkochs-printdesign-6-zielasko.jpg\" rel=\"lightbox[2502]\"><img loading=\"lazy\" decoding=\"async\" width=\"1024\" height=\"447\" src=\"https:\/\/michaelkochs.de\/wordpress\/wp-content\/uploads\/2020\/07\/michaelkochs-printdesign-6-zielasko-1024x447.jpg\" alt=\"\" class=\"wp-image-2517\" srcset=\"https:\/\/michaelkochs.de\/wordpress\/wp-content\/uploads\/2020\/07\/michaelkochs-printdesign-6-zielasko-1024x447.jpg 1024w, https:\/\/michaelkochs.de\/wordpress\/wp-content\/uploads\/2020\/07\/michaelkochs-printdesign-6-zielasko-300x131.jpg 300w, https:\/\/michaelkochs.de\/wordpress\/wp-content\/uploads\/2020\/07\/michaelkochs-printdesign-6-zielasko-768x335.jpg 768w, https:\/\/michaelkochs.de\/wordpress\/wp-content\/uploads\/2020\/07\/michaelkochs-printdesign-6-zielasko.jpg 1200w\" sizes=\"(max-width: 1024px) 100vw, 1024px\" \/><\/a><figcaption>Kamapgne f\u00fcr den Zahnarzt Prof. Dr. Dr. Zielasko<\/figcaption><\/figure><\/div>\n\n\n\n<hr class=\"wp-block-separator has-text-color has-background has-subtle-background-background-color has-subtle-background-color\"\/>\n\n\n\n<div style=\"height:100px\" aria-hidden=\"true\" class=\"wp-block-spacer\"><\/div>\n\n\n\n<div class=\"wp-block-image\"><figure class=\"aligncenter size-large\"><a href=\"https:\/\/michaelkochs.de\/wordpress\/wp-content\/uploads\/2020\/07\/michaelkochs-printdesign-7-adj-fotokunst-broschuere.jpg\" rel=\"lightbox[2502]\"><img loading=\"lazy\" decoding=\"async\" width=\"1024\" height=\"459\" src=\"https:\/\/michaelkochs.de\/wordpress\/wp-content\/uploads\/2020\/07\/michaelkochs-printdesign-7-adj-fotokunst-broschuere-1024x459.jpg\" alt=\"\" class=\"wp-image-2518\" srcset=\"https:\/\/michaelkochs.de\/wordpress\/wp-content\/uploads\/2020\/07\/michaelkochs-printdesign-7-adj-fotokunst-broschuere-1024x459.jpg 1024w, https:\/\/michaelkochs.de\/wordpress\/wp-content\/uploads\/2020\/07\/michaelkochs-printdesign-7-adj-fotokunst-broschuere-300x135.jpg 300w, https:\/\/michaelkochs.de\/wordpress\/wp-content\/uploads\/2020\/07\/michaelkochs-printdesign-7-adj-fotokunst-broschuere-768x344.jpg 768w, https:\/\/michaelkochs.de\/wordpress\/wp-content\/uploads\/2020\/07\/michaelkochs-printdesign-7-adj-fotokunst-broschuere.jpg 1200w\" sizes=\"(max-width: 1024px) 100vw, 1024px\" \/><\/a><figcaption>Fotokunst-Brosch\u00fcre<br>in Zusammenarbeit mit de Jourdan Photographics GmbH<\/figcaption><\/figure><\/div>\n\n\n\n<hr class=\"wp-block-separator has-text-color has-background has-subtle-background-background-color has-subtle-background-color\"\/>\n\n\n\n<div style=\"height:100px\" aria-hidden=\"true\" class=\"wp-block-spacer\"><\/div>\n\n\n\n<div class=\"wp-block-image\"><figure class=\"aligncenter size-large\"><a href=\"https:\/\/michaelkochs.de\/wordpress\/wp-content\/uploads\/2020\/07\/michaelkochs-printdesign-8-ceeys.jpg\" rel=\"lightbox[2502]\"><img loading=\"lazy\" decoding=\"async\" width=\"1024\" height=\"595\" src=\"https:\/\/michaelkochs.de\/wordpress\/wp-content\/uploads\/2020\/07\/michaelkochs-printdesign-8-ceeys-1024x595.jpg\" alt=\"\" class=\"wp-image-2519\" srcset=\"https:\/\/michaelkochs.de\/wordpress\/wp-content\/uploads\/2020\/07\/michaelkochs-printdesign-8-ceeys-1024x595.jpg 1024w, https:\/\/michaelkochs.de\/wordpress\/wp-content\/uploads\/2020\/07\/michaelkochs-printdesign-8-ceeys-300x174.jpg 300w, https:\/\/michaelkochs.de\/wordpress\/wp-content\/uploads\/2020\/07\/michaelkochs-printdesign-8-ceeys-768x446.jpg 768w, https:\/\/michaelkochs.de\/wordpress\/wp-content\/uploads\/2020\/07\/michaelkochs-printdesign-8-ceeys.jpg 1200w\" sizes=\"(max-width: 1024px) 100vw, 1024px\" \/><\/a><figcaption>Plakat-Entwurf f\u00fcr das K\u00fcnstler-Duo CEEYS<\/figcaption><\/figure><\/div>\n\n\n\n<hr class=\"wp-block-separator has-text-color has-background has-subtle-background-background-color has-subtle-background-color\"\/>\n\n\n\n<div style=\"height:100px\" aria-hidden=\"true\" class=\"wp-block-spacer\"><\/div>\n\n\n\n<div class=\"wp-block-image\"><figure class=\"aligncenter size-large\"><a href=\"https:\/\/michaelkochs.de\/wordpress\/wp-content\/uploads\/2020\/07\/michaelkochs-printdesign-9-adj-zweite-wahl.jpg\" rel=\"lightbox[2502]\"><img loading=\"lazy\" decoding=\"async\" width=\"1024\" height=\"496\" src=\"https:\/\/michaelkochs.de\/wordpress\/wp-content\/uploads\/2020\/07\/michaelkochs-printdesign-9-adj-zweite-wahl-1024x496.jpg\" alt=\"\" class=\"wp-image-2520\" srcset=\"https:\/\/michaelkochs.de\/wordpress\/wp-content\/uploads\/2020\/07\/michaelkochs-printdesign-9-adj-zweite-wahl-1024x496.jpg 1024w, https:\/\/michaelkochs.de\/wordpress\/wp-content\/uploads\/2020\/07\/michaelkochs-printdesign-9-adj-zweite-wahl-300x145.jpg 300w, https:\/\/michaelkochs.de\/wordpress\/wp-content\/uploads\/2020\/07\/michaelkochs-printdesign-9-adj-zweite-wahl-768x372.jpg 768w, https:\/\/michaelkochs.de\/wordpress\/wp-content\/uploads\/2020\/07\/michaelkochs-printdesign-9-adj-zweite-wahl.jpg 1200w\" sizes=\"(max-width: 1024px) 100vw, 1024px\" \/><\/a><figcaption>Flyer &#8222;Zweite Wahl&#8220; f\u00fcr de Jourdan Photographics GmbH<br><span class=\"pic-txt-sub\">in Zusammenarbeit mit de Jourdan Photographics GmbH<\/span><br><\/figcaption><\/figure><\/div>\n\n\n\n<div style=\"height:70px\" aria-hidden=\"true\" class=\"wp-block-spacer\"><\/div>\n","protected":false},"excerpt":{"rendered":"","protected":false},"author":1,"featured_media":0,"parent":69,"menu_order":0,"comment_status":"closed","ping_status":"closed","template":"templates\/template-full-width.php","meta":{"footnotes":""},"_links":{"self":[{"href":"https:\/\/michaelkochs.de\/wordpress\/wp-json\/wp\/v2\/pages\/2502"}],"collection":[{"href":"https:\/\/michaelkochs.de\/wordpress\/wp-json\/wp\/v2\/pages"}],"about":[{"href":"https:\/\/michaelkochs.de\/wordpress\/wp-json\/wp\/v2\/types\/page"}],"author":[{"embeddable":true,"href":"https:\/\/michaelkochs.de\/wordpress\/wp-json\/wp\/v2\/users\/1"}],"replies":[{"embeddable":true,"href":"https:\/\/michaelkochs.de\/wordpress\/wp-json\/wp\/v2\/comments?post=2502"}],"version-history":[{"count":66,"href":"https:\/\/michaelkochs.de\/wordpress\/wp-json\/wp\/v2\/pages\/2502\/revisions"}],"predecessor-version":[{"id":3339,"href":"https:\/\/michaelkochs.de\/wordpress\/wp-json\/wp\/v2\/pages\/2502\/revisions\/3339"}],"up":[{"embeddable":true,"href":"https:\/\/michaelkochs.de\/wordpress\/wp-json\/wp\/v2\/pages\/69"}],"wp:attachment":[{"href":"https:\/\/michaelkochs.de\/wordpress\/wp-json\/wp\/v2\/media?parent=2502"}],"curies":[{"name":"wp","href":"https:\/\/api.w.org\/{rel}","templated":true}]}}